{"id":625,"date":"2016-02-29T17:19:23","date_gmt":"2016-02-29T17:19:23","guid":{"rendered":"https:\/\/stefistildizajn.rs\/homepage\/"},"modified":"2025-12-12T21:45:24","modified_gmt":"2025-12-12T21:45:24","slug":"kupatilski-namestaj","status":"publish","type":"page","link":"https:\/\/stefistildizajn.rs\/en\/","title":{"rendered":"Kupatilski Name\u0161taj &#8211; Stefi Stil Dizajn"},"content":{"rendered":"","protected":false},"excerpt":{"rendered":"","protected":false},"author":1,"featured_media":0,"parent":0,"menu_order":0,"comment_status":"closed","ping_status":"closed","template":"","meta":{"_monsterinsights_skip_tracking":false,"_monsterinsights_sitenote_active":false,"_monsterinsights_sitenote_note":"","_monsterinsights_sitenote_category":0,"footnotes":""},"class_list":["post-625","page","type-page","status-publish","hentry","prodpage-style3"],"yoast_head":"<!-- This site is optimized with the Yoast SEO plugin v26.5 - https:\/\/yoast.com\/wordpress\/plugins\/seo\/ -->\n<title>Kupatilski Name\u0161taj - Stefi Stil Dizajn - Proizvodnja i Prodaja<\/title>\n<meta name=\"description\" content=\"Stefi Stil Dizajn - Kupatilski Name\u0161taj - proizvodnja ekskluzivnog i serijskog name\u0161taja visokog kvaliteta i besprekornog dizajna.\" \/>\n<meta name=\"robots\" content=\"index, follow, max-snippet:-1, max-image-preview:large, max-video-preview:-1\" \/>\n<link rel=\"canonical\" href=\"https:\/\/stefistildizajn.rs\/en\/\" \/>\n<meta property=\"og:locale\" content=\"en_GB\" \/>\n<meta property=\"og:type\" content=\"article\" \/>\n<meta property=\"og:title\" content=\"Kupatilski Name\u0161taj - Stefi Stil Dizajn - Proizvodnja i Prodaja\" \/>\n<meta property=\"og:description\" content=\"Stefi Stil Dizajn - Kupatilski Name\u0161taj - proizvodnja ekskluzivnog i serijskog name\u0161taja visokog kvaliteta i besprekornog dizajna.\" \/>\n<meta property=\"og:url\" content=\"https:\/\/stefistildizajn.rs\/en\/\" \/>\n<meta property=\"og:site_name\" content=\"Stefi Stil Dizajn\" \/>\n<meta property=\"article:modified_time\" content=\"2025-12-12T21:45:24+00:00\" \/>\n<meta name=\"twitter:card\" content=\"summary_large_image\" \/>\n<script type=\"application\/ld+json\" class=\"yoast-schema-graph\">{\"@context\":\"https:\/\/schema.org\",\"@graph\":[{\"@type\":\"WebPage\",\"@id\":\"https:\/\/stefistildizajn.rs\/\",\"url\":\"https:\/\/stefistildizajn.rs\/\",\"name\":\"Kupatilski Name\u0161taj - Stefi Stil Dizajn - Proizvodnja i Prodaja\",\"isPartOf\":{\"@id\":\"https:\/\/stefistildizajn.rs\/#website\"},\"datePublished\":\"2016-02-29T17:19:23+00:00\",\"dateModified\":\"2025-12-12T21:45:24+00:00\",\"description\":\"Stefi Stil Dizajn - Kupatilski Name\u0161taj - proizvodnja ekskluzivnog i serijskog name\u0161taja visokog kvaliteta i besprekornog dizajna.\",\"breadcrumb\":{\"@id\":\"https:\/\/stefistildizajn.rs\/#breadcrumb\"},\"inLanguage\":\"en-GB\",\"potentialAction\":[{\"@type\":\"ReadAction\",\"target\":[\"https:\/\/stefistildizajn.rs\/\"]}]},{\"@type\":\"BreadcrumbList\",\"@id\":\"https:\/\/stefistildizajn.rs\/#breadcrumb\",\"itemListElement\":[{\"@type\":\"ListItem\",\"position\":1,\"name\":\"Home\",\"item\":\"https:\/\/stefistildizajn.rs\/\"},{\"@type\":\"ListItem\",\"position\":2,\"name\":\"Kupatilski Name\u0161taj &#8211; Stefi Stil Dizajn\"}]},{\"@type\":\"WebSite\",\"@id\":\"https:\/\/stefistildizajn.rs\/#website\",\"url\":\"https:\/\/stefistildizajn.rs\/\",\"name\":\"Stefi Stil Dizajn\",\"description\":\"Proizvodnja i prodaja - kupatilski namestaj\",\"publisher\":{\"@id\":\"https:\/\/stefistildizajn.rs\/#organization\"},\"potentialAction\":[{\"@type\":\"SearchAction\",\"target\":{\"@type\":\"EntryPoint\",\"urlTemplate\":\"https:\/\/stefistildizajn.rs\/?s={search_term_string}\"},\"query-input\":{\"@type\":\"PropertyValueSpecification\",\"valueRequired\":true,\"valueName\":\"search_term_string\"}}],\"inLanguage\":\"en-GB\"},{\"@type\":\"Organization\",\"@id\":\"https:\/\/stefistildizajn.rs\/#organization\",\"name\":\"Stefi Stil Dizajn\",\"url\":\"https:\/\/stefistildizajn.rs\/\",\"logo\":{\"@type\":\"ImageObject\",\"inLanguage\":\"en-GB\",\"@id\":\"https:\/\/stefistildizajn.rs\/#\/schema\/logo\/image\/\",\"url\":\"https:\/\/stefistildizajn.rs\/wp-content\/uploads\/2019\/06\/logo-beli-mali.png\",\"contentUrl\":\"https:\/\/stefistildizajn.rs\/wp-content\/uploads\/2019\/06\/logo-beli-mali.png\",\"width\":149,\"height\":80,\"caption\":\"Stefi Stil Dizajn\"},\"image\":{\"@id\":\"https:\/\/stefistildizajn.rs\/#\/schema\/logo\/image\/\"}}]}<\/script>\n<!-- \/ Yoast SEO plugin. -->","yoast_head_json":{"title":"Kupatilski Name\u0161taj - Stefi Stil Dizajn - Proizvodnja i Prodaja","description":"Stefi Stil Dizajn - Kupatilski Name\u0161taj - proizvodnja ekskluzivnog i serijskog name\u0161taja visokog kvaliteta i besprekornog dizajna.","robots":{"index":"index","follow":"follow","max-snippet":"max-snippet:-1","max-image-preview":"max-image-preview:large","max-video-preview":"max-video-preview:-1"},"canonical":"https:\/\/stefistildizajn.rs\/en\/","og_locale":"en_GB","og_type":"article","og_title":"Kupatilski Name\u0161taj - Stefi Stil Dizajn - Proizvodnja i Prodaja","og_description":"Stefi Stil Dizajn - Kupatilski Name\u0161taj - proizvodnja ekskluzivnog i serijskog name\u0161taja visokog kvaliteta i besprekornog dizajna.","og_url":"https:\/\/stefistildizajn.rs\/en\/","og_site_name":"Stefi Stil Dizajn","article_modified_time":"2025-12-12T21:45:24+00:00","twitter_card":"summary_large_image","schema":{"@context":"https:\/\/schema.org","@graph":[{"@type":"WebPage","@id":"https:\/\/stefistildizajn.rs\/","url":"https:\/\/stefistildizajn.rs\/","name":"Kupatilski Name\u0161taj - Stefi Stil Dizajn - Proizvodnja i Prodaja","isPartOf":{"@id":"https:\/\/stefistildizajn.rs\/#website"},"datePublished":"2016-02-29T17:19:23+00:00","dateModified":"2025-12-12T21:45:24+00:00","description":"Stefi Stil Dizajn - Kupatilski Name\u0161taj - proizvodnja ekskluzivnog i serijskog name\u0161taja visokog kvaliteta i besprekornog dizajna.","breadcrumb":{"@id":"https:\/\/stefistildizajn.rs\/#breadcrumb"},"inLanguage":"en-GB","potentialAction":[{"@type":"ReadAction","target":["https:\/\/stefistildizajn.rs\/"]}]},{"@type":"BreadcrumbList","@id":"https:\/\/stefistildizajn.rs\/#breadcrumb","itemListElement":[{"@type":"ListItem","position":1,"name":"Home","item":"https:\/\/stefistildizajn.rs\/"},{"@type":"ListItem","position":2,"name":"Kupatilski Name\u0161taj &#8211; Stefi Stil Dizajn"}]},{"@type":"WebSite","@id":"https:\/\/stefistildizajn.rs\/#website","url":"https:\/\/stefistildizajn.rs\/","name":"Stefi Stil Dizajn","description":"Proizvodnja i prodaja - kupatilski namestaj","publisher":{"@id":"https:\/\/stefistildizajn.rs\/#organization"},"potentialAction":[{"@type":"SearchAction","target":{"@type":"EntryPoint","urlTemplate":"https:\/\/stefistildizajn.rs\/?s={search_term_string}"},"query-input":{"@type":"PropertyValueSpecification","valueRequired":true,"valueName":"search_term_string"}}],"inLanguage":"en-GB"},{"@type":"Organization","@id":"https:\/\/stefistildizajn.rs\/#organization","name":"Stefi Stil Dizajn","url":"https:\/\/stefistildizajn.rs\/","logo":{"@type":"ImageObject","inLanguage":"en-GB","@id":"https:\/\/stefistildizajn.rs\/#\/schema\/logo\/image\/","url":"https:\/\/stefistildizajn.rs\/wp-content\/uploads\/2019\/06\/logo-beli-mali.png","contentUrl":"https:\/\/stefistildizajn.rs\/wp-content\/uploads\/2019\/06\/logo-beli-mali.png","width":149,"height":80,"caption":"Stefi Stil Dizajn"},"image":{"@id":"https:\/\/stefistildizajn.rs\/#\/schema\/logo\/image\/"}}]}},"_links":{"self":[{"href":"https:\/\/stefistildizajn.rs\/en\/wp-json\/wp\/v2\/pages\/625","targetHints":{"allow":["GET"]}}],"collection":[{"href":"https:\/\/stefistildizajn.rs\/en\/wp-json\/wp\/v2\/pages"}],"about":[{"href":"https:\/\/stefistildizajn.rs\/en\/wp-json\/wp\/v2\/types\/page"}],"author":[{"embeddable":true,"href":"https:\/\/stefistildizajn.rs\/en\/wp-json\/wp\/v2\/users\/1"}],"replies":[{"embeddable":true,"href":"https:\/\/stefistildizajn.rs\/en\/wp-json\/wp\/v2\/comments?post=625"}],"version-history":[{"count":5,"href":"https:\/\/stefistildizajn.rs\/en\/wp-json\/wp\/v2\/pages\/625\/revisions"}],"predecessor-version":[{"id":10905,"href":"https:\/\/stefistildizajn.rs\/en\/wp-json\/wp\/v2\/pages\/625\/revisions\/10905"}],"wp:attachment":[{"href":"https:\/\/stefistildizajn.rs\/en\/wp-json\/wp\/v2\/media?parent=625"}],"curies":[{"name":"wp","href":"https:\/\/api.w.org\/{rel}","templated":true}]}}