{"id":2107,"date":"2019-07-29T00:37:26","date_gmt":"2019-07-29T00:37:26","guid":{"rendered":"https:\/\/stefistildizajn.rs\/?post_type=product&#038;p=2107"},"modified":"2021-02-07T23:55:21","modified_gmt":"2021-02-07T23:55:21","slug":"kupatilski-namestaj-nis-ormaric-d75af","status":"publish","type":"product","link":"https:\/\/stefistildizajn.rs\/en\/product\/kupatilski-namestaj-nis-ormaric-d75af\/","title":{"rendered":"Ormari\u0107 D75AF"},"content":{"rendered":"<p class=\"margin-reset\"><span style=\"font-family: arial, helvetica, sans-serif; font-size: 17px;\">Kupatilski name\u0161taj Ni\u0161 \u2013 Stefi Stil Dizajn u svojoj ponudi nudi: Ormari\u0107e, koji su izra\u0111eni od medijapana farbanog najkvalitetnijim poliuretanskim bojama u visokom sjaju i raznim nijansama i iverice koja je oplemenjena folijom i kantovana ABS trakom, \u0161to obezbe\u0111uje potpunu vlagootpornost i paronepropustljivost ormari\u0107a.<\/span><\/p>\n<p class=\"margin-reset\"><span style=\"font-family: arial, helvetica, sans-serif; font-size: 17px;\">Stefi Stil Dizajn koristi Poliuretanske boje renomiranog italijanskog proizvo\u0111a\u010da <a href=\"https:\/\/www.renneritalia.com\">Renner<\/a>. Ove boje odlikuje visoki sjaj, visoka izdr\u017eljivost, otpornost na grebanje, vlagootpornost itd.<\/span><\/p>\n<p class=\"margin-reset\"><span style=\"font-family: arial, helvetica, sans-serif; font-size: 17px;\">Kupatilski name\u0161taj Ni\u0161 \u2013 Stefi Stil Dizajn prilikom izrade name\u0161taja koristi najsavremenije ma\u0161ine i tehnologije obrade medijapana i iverice.<\/span><\/p>\n<p class=\"margin-reset\"><span style=\"font-family: arial, helvetica, sans-serif; font-size: 17px;\">Zbog toga je na\u0161 kupatilski name\u0161taj pravi izbor za Vas.<\/span><\/p>\n<p><span style=\"font-family: arial, helvetica, sans-serif; font-size: 17px;\"><a id=\"eluidb1abbe210\" class=\"eluidb1abbe210 btn-element btn-element-0 btn btn-fullcolor btn-halfwidth zn_dummy_value btn-icon--before btn--rounded\" href=\"https:\/\/stefistildizajn.rs\/en\/kontakt\/\" target=\"_self\" rel=\"noopener noreferrer\">CONTACT<\/a><\/span><\/p>","protected":false},"excerpt":{"rendered":"<p><span style=\"font-family: arial, helvetica, sans-serif;\">Donji ormari\u0107 sa lavaboom D75AF od medijapana u visokom sjaju i oplemenjene iverice. Dostupno u 3 dimenzije.<\/span><\/p>","protected":false},"featured_media":1424,"comment_status":"closed","ping_status":"closed","template":"","meta":{"_monsterinsights_skip_tracking":false,"_monsterinsights_sitenote_active":false,"_monsterinsights_sitenote_note":"","_monsterinsights_sitenote_category":0},"product_brand":[],"product_cat":[506,26],"product_tag":[],"class_list":{"0":"post-2107","1":"product","2":"type-product","3":"status-publish","4":"has-post-thumbnail","6":"product_cat-donji-ormaric","7":"product_cat-svi-proizvodi","9":"first","10":"instock","11":"shipping-taxable","12":"purchasable","13":"product-type-variable","14":"has-default-attributes","15":"prodpage-style3"},"yoast_head":"<!-- This site is optimized with the Yoast SEO plugin v26.5 - https:\/\/yoast.com\/wordpress\/plugins\/seo\/ -->\n<title>Kupatilski name\u0161taj Ni\u0161 - Stefi Stil Dizajn Ni\u0161 - Ormari\u0107 D75AF<\/title>\n<meta name=\"description\" content=\"Kupatilski name\u0161taj Ni\u0161 - Stefi Stil Dizajn Ni\u0161 se bavi proizvodnjom i prodajom kupatilskog name\u0161taja od medijapana visokog kvaliteta.\" \/>\n<meta name=\"robots\" content=\"index, follow, max-snippet:-1, max-image-preview:large, max-video-preview:-1\" \/>\n<link rel=\"canonical\" href=\"https:\/\/stefistildizajn.rs\/en\/product\/kupatilski-namestaj-nis-ormaric-d75af\/\" \/>\n<meta property=\"og:locale\" content=\"en_GB\" \/>\n<meta property=\"og:type\" content=\"article\" \/>\n<meta property=\"og:title\" content=\"Kupatilski name\u0161taj Ni\u0161 - Stefi Stil Dizajn Ni\u0161 - Ormari\u0107 D75AF\" \/>\n<meta property=\"og:description\" content=\"Kupatilski name\u0161taj Ni\u0161 - Stefi Stil Dizajn Ni\u0161 se bavi proizvodnjom i prodajom kupatilskog name\u0161taja od medijapana visokog kvaliteta.\" \/>\n<meta property=\"og:url\" content=\"https:\/\/stefistildizajn.rs\/en\/product\/kupatilski-namestaj-nis-ormaric-d75af\/\" \/>\n<meta property=\"og:site_name\" content=\"Stefi Stil Dizajn\" \/>\n<meta property=\"article:modified_time\" content=\"2021-02-07T23:55:21+00:00\" \/>\n<meta property=\"og:image\" content=\"https:\/\/stefistildizajn.rs\/wp-content\/uploads\/2019\/07\/7900.jpg\" \/>\n\t<meta property=\"og:image:width\" content=\"1000\" \/>\n\t<meta property=\"og:image:height\" content=\"1000\" \/>\n\t<meta property=\"og:image:type\" content=\"image\/jpeg\" \/>\n<meta name=\"twitter:card\" content=\"summary_large_image\" \/>\n<meta name=\"twitter:label1\" content=\"Est. reading time\" \/>\n\t<meta name=\"twitter:data1\" content=\"1 minute\" \/>\n<script type=\"application\/ld+json\" class=\"yoast-schema-graph\">{\"@context\":\"https:\/\/schema.org\",\"@graph\":[{\"@type\":\"WebPage\",\"@id\":\"https:\/\/stefistildizajn.rs\/product\/kupatilski-namestaj-nis-ormaric-d75af\/\",\"url\":\"https:\/\/stefistildizajn.rs\/product\/kupatilski-namestaj-nis-ormaric-d75af\/\",\"name\":\"Kupatilski name\u0161taj Ni\u0161 - Stefi Stil Dizajn Ni\u0161 - Ormari\u0107 D75AF\",\"isPartOf\":{\"@id\":\"https:\/\/stefistildizajn.rs\/#website\"},\"primaryImageOfPage\":{\"@id\":\"https:\/\/stefistildizajn.rs\/product\/kupatilski-namestaj-nis-ormaric-d75af\/#primaryimage\"},\"image\":{\"@id\":\"https:\/\/stefistildizajn.rs\/product\/kupatilski-namestaj-nis-ormaric-d75af\/#primaryimage\"},\"thumbnailUrl\":\"https:\/\/stefistildizajn.rs\/wp-content\/uploads\/2019\/07\/7900.jpg\",\"datePublished\":\"2019-07-29T00:37:26+00:00\",\"dateModified\":\"2021-02-07T23:55:21+00:00\",\"description\":\"Kupatilski name\u0161taj Ni\u0161 - Stefi Stil Dizajn Ni\u0161 se bavi proizvodnjom i prodajom kupatilskog name\u0161taja od medijapana visokog kvaliteta.\",\"breadcrumb\":{\"@id\":\"https:\/\/stefistildizajn.rs\/product\/kupatilski-namestaj-nis-ormaric-d75af\/#breadcrumb\"},\"inLanguage\":\"en-GB\",\"potentialAction\":[{\"@type\":\"ReadAction\",\"target\":[\"https:\/\/stefistildizajn.rs\/product\/kupatilski-namestaj-nis-ormaric-d75af\/\"]}]},{\"@type\":\"ImageObject\",\"inLanguage\":\"en-GB\",\"@id\":\"https:\/\/stefistildizajn.rs\/product\/kupatilski-namestaj-nis-ormaric-d75af\/#primaryimage\",\"url\":\"https:\/\/stefistildizajn.rs\/wp-content\/uploads\/2019\/07\/7900.jpg\",\"contentUrl\":\"https:\/\/stefistildizajn.rs\/wp-content\/uploads\/2019\/07\/7900.jpg\",\"width\":1000,\"height\":1000,\"caption\":\"Kupatilski namestaj nis - Stefi Stil Dizajn Nis - Ormaric - D75AF\"},{\"@type\":\"BreadcrumbList\",\"@id\":\"https:\/\/stefistildizajn.rs\/product\/kupatilski-namestaj-nis-ormaric-d75af\/#breadcrumb\",\"itemListElement\":[{\"@type\":\"ListItem\",\"position\":1,\"name\":\"Home\",\"item\":\"https:\/\/stefistildizajn.rs\/\"},{\"@type\":\"ListItem\",\"position\":2,\"name\":\"Shop\",\"item\":\"https:\/\/stefistildizajn.rs\/shop\/\"},{\"@type\":\"ListItem\",\"position\":3,\"name\":\"Ormari\u0107 D75AF\"}]},{\"@type\":\"WebSite\",\"@id\":\"https:\/\/stefistildizajn.rs\/#website\",\"url\":\"https:\/\/stefistildizajn.rs\/\",\"name\":\"Stefi Stil Dizajn\",\"description\":\"Proizvodnja i prodaja - kupatilski namestaj\",\"publisher\":{\"@id\":\"https:\/\/stefistildizajn.rs\/#organization\"},\"potentialAction\":[{\"@type\":\"SearchAction\",\"target\":{\"@type\":\"EntryPoint\",\"urlTemplate\":\"https:\/\/stefistildizajn.rs\/?s={search_term_string}\"},\"query-input\":{\"@type\":\"PropertyValueSpecification\",\"valueRequired\":true,\"valueName\":\"search_term_string\"}}],\"inLanguage\":\"en-GB\"},{\"@type\":\"Organization\",\"@id\":\"https:\/\/stefistildizajn.rs\/#organization\",\"name\":\"Stefi Stil Dizajn\",\"url\":\"https:\/\/stefistildizajn.rs\/\",\"logo\":{\"@type\":\"ImageObject\",\"inLanguage\":\"en-GB\",\"@id\":\"https:\/\/stefistildizajn.rs\/#\/schema\/logo\/image\/\",\"url\":\"https:\/\/stefistildizajn.rs\/wp-content\/uploads\/2019\/06\/logo-beli-mali.png\",\"contentUrl\":\"https:\/\/stefistildizajn.rs\/wp-content\/uploads\/2019\/06\/logo-beli-mali.png\",\"width\":149,\"height\":80,\"caption\":\"Stefi Stil Dizajn\"},\"image\":{\"@id\":\"https:\/\/stefistildizajn.rs\/#\/schema\/logo\/image\/\"}}]}<\/script>\n<!-- \/ Yoast SEO plugin. -->","yoast_head_json":{"title":"Kupatilski name\u0161taj Ni\u0161 - Stefi Stil Dizajn Ni\u0161 - Ormari\u0107 D75AF","description":"Kupatilski name\u0161taj Ni\u0161 - Stefi Stil Dizajn Ni\u0161 se bavi proizvodnjom i prodajom kupatilskog name\u0161taja od medijapana visokog kvaliteta.","robots":{"index":"index","follow":"follow","max-snippet":"max-snippet:-1","max-image-preview":"max-image-preview:large","max-video-preview":"max-video-preview:-1"},"canonical":"https:\/\/stefistildizajn.rs\/en\/product\/kupatilski-namestaj-nis-ormaric-d75af\/","og_locale":"en_GB","og_type":"article","og_title":"Kupatilski name\u0161taj Ni\u0161 - Stefi Stil Dizajn Ni\u0161 - Ormari\u0107 D75AF","og_description":"Kupatilski name\u0161taj Ni\u0161 - Stefi Stil Dizajn Ni\u0161 se bavi proizvodnjom i prodajom kupatilskog name\u0161taja od medijapana visokog kvaliteta.","og_url":"https:\/\/stefistildizajn.rs\/en\/product\/kupatilski-namestaj-nis-ormaric-d75af\/","og_site_name":"Stefi Stil Dizajn","article_modified_time":"2021-02-07T23:55:21+00:00","og_image":[{"width":1000,"height":1000,"url":"https:\/\/stefistildizajn.rs\/wp-content\/uploads\/2019\/07\/7900.jpg","type":"image\/jpeg"}],"twitter_card":"summary_large_image","twitter_misc":{"Est. reading time":"1 minute"},"schema":{"@context":"https:\/\/schema.org","@graph":[{"@type":"WebPage","@id":"https:\/\/stefistildizajn.rs\/product\/kupatilski-namestaj-nis-ormaric-d75af\/","url":"https:\/\/stefistildizajn.rs\/product\/kupatilski-namestaj-nis-ormaric-d75af\/","name":"Kupatilski name\u0161taj Ni\u0161 - Stefi Stil Dizajn Ni\u0161 - Ormari\u0107 D75AF","isPartOf":{"@id":"https:\/\/stefistildizajn.rs\/#website"},"primaryImageOfPage":{"@id":"https:\/\/stefistildizajn.rs\/product\/kupatilski-namestaj-nis-ormaric-d75af\/#primaryimage"},"image":{"@id":"https:\/\/stefistildizajn.rs\/product\/kupatilski-namestaj-nis-ormaric-d75af\/#primaryimage"},"thumbnailUrl":"https:\/\/stefistildizajn.rs\/wp-content\/uploads\/2019\/07\/7900.jpg","datePublished":"2019-07-29T00:37:26+00:00","dateModified":"2021-02-07T23:55:21+00:00","description":"Kupatilski name\u0161taj Ni\u0161 - Stefi Stil Dizajn Ni\u0161 se bavi proizvodnjom i prodajom kupatilskog name\u0161taja od medijapana visokog kvaliteta.","breadcrumb":{"@id":"https:\/\/stefistildizajn.rs\/product\/kupatilski-namestaj-nis-ormaric-d75af\/#breadcrumb"},"inLanguage":"en-GB","potentialAction":[{"@type":"ReadAction","target":["https:\/\/stefistildizajn.rs\/product\/kupatilski-namestaj-nis-ormaric-d75af\/"]}]},{"@type":"ImageObject","inLanguage":"en-GB","@id":"https:\/\/stefistildizajn.rs\/product\/kupatilski-namestaj-nis-ormaric-d75af\/#primaryimage","url":"https:\/\/stefistildizajn.rs\/wp-content\/uploads\/2019\/07\/7900.jpg","contentUrl":"https:\/\/stefistildizajn.rs\/wp-content\/uploads\/2019\/07\/7900.jpg","width":1000,"height":1000,"caption":"Kupatilski namestaj nis - Stefi Stil Dizajn Nis - Ormaric - D75AF"},{"@type":"BreadcrumbList","@id":"https:\/\/stefistildizajn.rs\/product\/kupatilski-namestaj-nis-ormaric-d75af\/#breadcrumb","itemListElement":[{"@type":"ListItem","position":1,"name":"Home","item":"https:\/\/stefistildizajn.rs\/"},{"@type":"ListItem","position":2,"name":"Shop","item":"https:\/\/stefistildizajn.rs\/shop\/"},{"@type":"ListItem","position":3,"name":"Ormari\u0107 D75AF"}]},{"@type":"WebSite","@id":"https:\/\/stefistildizajn.rs\/#website","url":"https:\/\/stefistildizajn.rs\/","name":"Stefi Stil Dizajn","description":"Proizvodnja i prodaja - kupatilski namestaj","publisher":{"@id":"https:\/\/stefistildizajn.rs\/#organization"},"potentialAction":[{"@type":"SearchAction","target":{"@type":"EntryPoint","urlTemplate":"https:\/\/stefistildizajn.rs\/?s={search_term_string}"},"query-input":{"@type":"PropertyValueSpecification","valueRequired":true,"valueName":"search_term_string"}}],"inLanguage":"en-GB"},{"@type":"Organization","@id":"https:\/\/stefistildizajn.rs\/#organization","name":"Stefi Stil Dizajn","url":"https:\/\/stefistildizajn.rs\/","logo":{"@type":"ImageObject","inLanguage":"en-GB","@id":"https:\/\/stefistildizajn.rs\/#\/schema\/logo\/image\/","url":"https:\/\/stefistildizajn.rs\/wp-content\/uploads\/2019\/06\/logo-beli-mali.png","contentUrl":"https:\/\/stefistildizajn.rs\/wp-content\/uploads\/2019\/06\/logo-beli-mali.png","width":149,"height":80,"caption":"Stefi Stil Dizajn"},"image":{"@id":"https:\/\/stefistildizajn.rs\/#\/schema\/logo\/image\/"}}]}},"_links":{"self":[{"href":"https:\/\/stefistildizajn.rs\/en\/wp-json\/wp\/v2\/product\/2107","targetHints":{"allow":["GET"]}}],"collection":[{"href":"https:\/\/stefistildizajn.rs\/en\/wp-json\/wp\/v2\/product"}],"about":[{"href":"https:\/\/stefistildizajn.rs\/en\/wp-json\/wp\/v2\/types\/product"}],"replies":[{"embeddable":true,"href":"https:\/\/stefistildizajn.rs\/en\/wp-json\/wp\/v2\/comments?post=2107"}],"wp:featuredmedia":[{"embeddable":true,"href":"https:\/\/stefistildizajn.rs\/en\/wp-json\/wp\/v2\/media\/1424"}],"wp:attachment":[{"href":"https:\/\/stefistildizajn.rs\/en\/wp-json\/wp\/v2\/media?parent=2107"}],"wp:term":[{"taxonomy":"product_brand","embeddable":true,"href":"https:\/\/stefistildizajn.rs\/en\/wp-json\/wp\/v2\/product_brand?post=2107"},{"taxonomy":"product_cat","embeddable":true,"href":"https:\/\/stefistildizajn.rs\/en\/wp-json\/wp\/v2\/product_cat?post=2107"},{"taxonomy":"product_tag","embeddable":true,"href":"https:\/\/stefistildizajn.rs\/en\/wp-json\/wp\/v2\/product_tag?post=2107"}],"curies":[{"name":"wp","href":"https:\/\/api.w.org\/{rel}","templated":true}]}}